{"id":6,"date":"2020-12-07T00:45:26","date_gmt":"2020-12-07T00:45:26","guid":{"rendered":"https:\/\/eboat.moxiworks.com\/sharon-vincentd\/get-advice-buying"},"modified":"2020-12-07T00:45:26","modified_gmt":"2020-12-07T00:45:26","slug":"get-advice-buying","status":"publish","type":"page","link":"https:\/\/sharon-vincentd.c21.ca\/fr-ca\/get-advice-buying","title":{"rendered":"ACHETEURS"},"content":{"rendered":"\r\n<h1>ATTENDEZ-VOUS \u00c0 PLUS<\/h1>\r\n<p>Laissez-vous guider par un professionnel.<\/p>\r\n<h1>ATTENDEZ-VOUS \u00c0 PLUS<\/h1>\r\n<p>Laissez-vous guider par un professionnel.<\/p>\r\n<p><img decoding=\"async\" title=\"AdviceSelling\" src=\"\/\/century21.agent.hub21.ca\/files\/2020\/12\/AdviceSelling.jpg\" alt=\"Advice Selling\" \/><\/p>\r\n<h2>NOUS SOMMES L\u00c0 POUR VOUS<\/h2>\r\n<p>L&#8217;achat d&#8217;une propri\u00e9t\u00e9 est l&#8217;une des transactions financi\u00e8res les plus importantes de votre vie. Il y a donc de nombreuses questions importantes \u00e0 consid\u00e9rer. Les courtiers immobiliers de CENTURY\u00a021<sup>MD<\/sup> vous offrent bien plus qu&#8217;un soutien pour votre transaction, ils vous accompagnent \u00e0 chaque \u00e9tape du processus. Faites confiance \u00e0 l&#8217;expertise des courtiers\u00a0CENTURY\u00a021 pour trouver la maison de vos r\u00eaves.<\/p>\r\n<p><img decoding=\"async\" title=\"AdviceSelling\" src=\"\/\/century21.agent.hub21.ca\/files\/2020\/12\/AdviceSelling.jpg\" alt=\"Advice Selling\" \/><\/p>\r\n<h2>NOUS SOMMES L\u00c0 POUR VOUS<\/h2>\r\n<p>L&#8217;achat d&#8217;une propri\u00e9t\u00e9 est l&#8217;une des transactions financi\u00e8res les plus importantes de votre vie. Il y a donc de nombreuses questions importantes \u00e0 consid\u00e9rer. Les courtiers immobiliers de CENTURY\u00a021<sup>MD<\/sup> vous offrent bien plus qu&#8217;un soutien pour votre transaction, ils vous accompagnent \u00e0 chaque \u00e9tape du processus. Faites confiance \u00e0 l&#8217;expertise des courtiers\u00a0CENTURY\u00a021 pour trouver la maison de vos r\u00eaves.<\/p>\r\n<h2>L\u00c0 POUR VOUS \u00c0 CHAQUE \u00c9TAPE<\/h2>\r\n<p>Si vous \u00eates acheteur, je peux vous aider \u00e0 optimiser vos recherches en tenant compte des facteurs que vous n&#8217;auriez pas forc\u00e9ment consid\u00e9r\u00e9s, que ce soit l&#8217;acc\u00e8s aux \u00e9coles, le style de vie recherch\u00e9 ou le retour sur un investissement estim\u00e9. \u00c0 l&#8217;aide de nos outils de recherche, vous pourrez trouver une propri\u00e9t\u00e9 qui correspond parfaitement \u00e0 vos besoins. En plus de m&#8217;occuper de tous les d\u00e9tails, je mettrai \u00e0 profit mes connaissances du march\u00e9 local, mon expertise immobili\u00e8re et mes comp\u00e9tences pour vous aider \u00e0 n\u00e9gocier le meilleur prix.<\/p>\r\n<p><a role=\"button\" href=\"\/fr-ca\/about-me\" target=\"_self\" rel=\"noopener noreferrer\"> Contactez-moi <\/a> <img decoding=\"async\" title=\"Branded background\" src=\"\/\/century21.agent.hub21.ca\/files\/2020\/12\/Branded-background.png\" alt=\"Branded Background\" \/><\/p>\r\n<h2>Propri\u00e9t\u00e9s en vedette<\/h2>\r\n<p><a role=\"button\" href=\"\/fr-ca\/search\" target=\"_self\" rel=\"noopener noreferrer\"> Voir plus de propri\u00e9t\u00e9s <\/a><\/p>\r\n<h2>Propri\u00e9t\u00e9s en vedette<\/h2>\r\n<p><a role=\"button\" href=\"\/fr-ca\/search\" target=\"_self\" rel=\"noopener noreferrer\"> Voir plus de propri\u00e9t\u00e9s <\/a><\/p>\r\n<h2>LEXIQUE DE L&#8217;ACCESSION \u00c0 LA PROPRI\u00c9T\u00c9<\/h2>\r\n<h4>ACOMPTE<\/h4>\r\n<p>Une somme que l&#8217;acheteur verse dans un compte en fid\u00e9icommis au moment de pr\u00e9senter une offre d&#8217;achat. Une fois que le vendeur aura accept\u00e9 l&#8217;offre, la somme est d\u00e9tenue en fid\u00e9icommis par le courtier immobilier responsable de l&#8217;inscription, l&#8217;avocat ou le notaire jusqu&#8217;\u00e0 la conclusion de la vente.<\/p>\r\n<h4>DATE DE L&#8217;ACTE DE VENTE (ou DATE DE CL\u00d4TURE)<\/h4>\r\n<p>La date \u00e0 laquelle le nouveau propri\u00e9taire prend possession de la propri\u00e9t\u00e9 et la vente devient finale.<\/p>\r\n<h4>\u00c9QUIT\u00c9 (ou VALEUR NETTE)<\/h4>\r\n<p>La diff\u00e9rence entre la valeur marchande de la propri\u00e9t\u00e9 et tout pr\u00eat hypoth\u00e9caire enregistr\u00e9 sur la propri\u00e9t\u00e9. La diff\u00e9rence appartient au propri\u00e9taire de la propri\u00e9t\u00e9.<\/p>\r\n<h4>\u00c9VALUATION<\/h4>\r\n<p>Le processus servant \u00e0 d\u00e9terminer la valeur marchande d&#8217;une propri\u00e9t\u00e9.<\/p>\r\n<h4>GARANTIE COLLAT\u00c9RALE (ou COLLAT\u00c9RAL)<\/h4>\r\n<p>Un actif, comme un d\u00e9p\u00f4t \u00e0 terme, une Obligation d&#8217;\u00e9pargne du Canada ou une automobile, affect\u00e9 \u00e0 titre de garantie du remboursement d&#8217;une dette.<\/p>\r\n<h4>HYPOTH\u00c8QUE<\/h4>\r\n<p>Une hypoth\u00e8que est un pr\u00eat garanti par un bien immobilier. Une fois le pr\u00eat hypoth\u00e9caire rembours\u00e9, le pr\u00eateur fournit une quittance hypoth\u00e9caire \u00e0 l&#8217;emprunteur.<\/p>\r\n<h4>P\u00c9RIODE D&#8217;AMORTISSEMENT<\/h4>\r\n<p>Le nombre d&#8217;ann\u00e9es requises pour rembourser le montant total du pr\u00eat selon des paiements fixes.<\/p>\r\n<h4>PR\u00caT HYPOTH\u00c9CAIRE FERM\u00c9<\/h4>\r\n<p>Un pr\u00eat hypoth\u00e9caire qui, pendant une dur\u00e9e fixe, ne permet pas de paiements anticip\u00e9s ou de refinancement sans p\u00e9nalit\u00e9.<\/p>\r\n<h4>TERME (OU DUR\u00c9E)<\/h4>\r\n<p>La p\u00e9riode couverte par l&#8217;entente de financement. Les termes offerts sont : 6 mois, 1, 2, 3, 4, 5, 6, 7 et 10 ans.<\/p>\r\n<h2>NOUVELLES DU QUARTIER<\/h2>\r\n<p>Vous voulez en savoir plus sur un quartier en particulier? Remplissez le formulaire pour d\u00e9marrer.<\/p>\r\n<p><a role=\"button\" href=\"\/fr-ca\/neighborhood-news\" target=\"_self\" rel=\"noopener noreferrer\"> COMMENCER <\/a> <img decoding=\"async\" title=\"french_neighborhood-news-iphone-mockup-cropped-1024x942\" src=\"https:\/\/templates.c21canada.moxiworks.net\/files\/2021\/02\/french_neighborhood-news-iphone-mockup-cropped-1024x942-1.png\" alt=\"french_neighborhood-news-iphone-mockup-cropped-1024x942\" width=\"1024\" height=\"942\" \/><\/p>\r\n<h2>PR\u00caT POUR LA PROCHAINE \u00c9TAPE?<\/h2>\r\n<p>Je me ferai un plaisir de vous aider \u00e0 r\u00e9aliser vos objectifs d&#8217;accession \u00e0 la propri\u00e9t\u00e9. Communiquez avec moi pour entamer vos d\u00e9marches d\u00e8s aujourd&#8217;hui. Ce que je propose :<\/p>\r\n","protected":false},"excerpt":{"rendered":"<p>ATTENDEZ-VOUS \u00c0 PLUS Laissez-vous guider par un professionnel. ATTENDEZ-VOUS \u00c0 PLUS Laissez-vous guider par un professionnel. NOUS SOMMES L\u00c0 POUR VOUS L&#8217;achat d&#8217;une propri\u00e9t\u00e9 est l&#8217;une des transactions financi\u00e8res les plus importantes de votre vie. Il y a donc de nombreuses questions importantes \u00e0 consid\u00e9rer. Les courtiers immobiliers de CENTURY\u00a021MD vous offrent bien plus qu&#8217;un [&hellip;]<\/p>\n","protected":false},"author":14684,"featured_media":1856,"parent":0,"menu_order":0,"comment_status":"closed","ping_status":"closed","template":"","meta":{"footnotes":""},"class_list":["post-6","page","type-page","status-publish","has-post-thumbnail","hentry"],"_links":{"self":[{"href":"https:\/\/sharon-vincentd.c21.ca\/fr-ca\/wp-json\/wp\/v2\/pages\/6","targetHints":{"allow":["GET"]}}],"collection":[{"href":"https:\/\/sharon-vincentd.c21.ca\/fr-ca\/wp-json\/wp\/v2\/pages"}],"about":[{"href":"https:\/\/sharon-vincentd.c21.ca\/fr-ca\/wp-json\/wp\/v2\/types\/page"}],"author":[{"embeddable":true,"href":"https:\/\/sharon-vincentd.c21.ca\/fr-ca\/wp-json\/wp\/v2\/users\/14684"}],"replies":[{"embeddable":true,"href":"https:\/\/sharon-vincentd.c21.ca\/fr-ca\/wp-json\/wp\/v2\/comments?post=6"}],"version-history":[{"count":0,"href":"https:\/\/sharon-vincentd.c21.ca\/fr-ca\/wp-json\/wp\/v2\/pages\/6\/revisions"}],"wp:featuredmedia":[{"embeddable":true,"href":"https:\/\/sharon-vincentd.c21.ca\/fr-ca\/wp-json\/"}],"wp:attachment":[{"href":"https:\/\/sharon-vincentd.c21.ca\/fr-ca\/wp-json\/wp\/v2\/media?parent=6"}],"curies":[{"name":"wp","href":"https:\/\/api.w.org\/{rel}","templated":true}]}}